{"id":3544,"date":"2022-09-13T17:24:41","date_gmt":"2022-09-13T17:24:41","guid":{"rendered":"https:\/\/angelim-restauro.pt\/?page_id=3544"},"modified":"2025-12-07T16:34:25","modified_gmt":"2025-12-07T16:34:25","slug":"servico","status":"publish","type":"page","link":"https:\/\/angelimrestauro.pt\/es\/servico\/","title":{"rendered":"Servicios"},"content":{"rendered":"<div class=\"wpb-content-wrapper\"><div class=\"vc_row wpb_row vc_row-fluid vc_row-63c18b63384d8\"><div class=\"wpb_column vc_column_container vc_col-sm-12 vc_row-69d216852d3a3\"><div class=\"vc_column-inner\"><div class=\"wpb_wrapper\">      <div class=\"heading-block heading-5d67b8954c447 tac h-h2 vc_custom_1663603255211\">\n                  <h2 class=\"h\">Servicios<\/h2>\n              <\/div>\n    <div class=\"testimonials row testimonials-69d216852d482\"><div class=\"item\"><div class=\"row\"><div class=\"col-12 col-sm-6 image\"><div style=\"background-image: url(https:\/\/angelimrestauro.pt\/wp-content\/uploads\/2017\/09\/Angelim-restauro-conservacao-big-32.webp)\"><\/div><\/div><div class=\"col-12 col-sm-6 offset-sm-6\"><div class=\"quote\"><div class=\"q\">\u201c<\/div>Servicios<\/div><h4>CONSERVA\u00c7\u00c3O E RESTAURO<\/h4><div class=\"post\"><\/div><\/div><\/div><\/div><div class=\"item\"><div class=\"row\"><div class=\"col-12 col-sm-6 image\"><div style=\"background-image: url(https:\/\/angelimrestauro.pt\/wp-content\/uploads\/2017\/09\/Angelim-restauro-conservacao-12.webp)\"><\/div><\/div><div class=\"col-12 col-sm-6 offset-sm-6\"><div class=\"quote\"><div class=\"q\">\u201c<\/div>Servicios<\/div><h4>MARCENARIA<\/h4><div class=\"post\"><\/div><\/div><\/div><\/div><div class=\"item\"><div class=\"row\"><div class=\"col-12 col-sm-6 image\"><div style=\"background-image: url(https:\/\/angelimrestauro.pt\/wp-content\/uploads\/2023\/01\/Angelim-restauro-conservacao-26.webp)\"><\/div><\/div><div class=\"col-12 col-sm-6 offset-sm-6\"><div class=\"quote\"><div class=\"q\">\u201c<\/div>Servicios<\/div><h4>TALHA<\/h4><div class=\"post\"><\/div><\/div><\/div><\/div><div class=\"item\"><div class=\"row\"><div class=\"col-12 col-sm-6 image\"><div style=\"background-image: url(https:\/\/angelimrestauro.pt\/wp-content\/uploads\/2018\/10\/Angelim-restauro-conservacao-77.webp)\"><\/div><\/div><div class=\"col-12 col-sm-6 offset-sm-6\"><div class=\"quote\"><div class=\"q\">\u201c<\/div>Servicios<\/div><h4>EMBUTIDOS<\/h4><div class=\"post\"><\/div><\/div><\/div><\/div><div class=\"item\"><div class=\"row\"><div class=\"col-12 col-sm-6 image\"><div style=\"background-image: url(https:\/\/angelimrestauro.pt\/wp-content\/uploads\/2018\/10\/Angelim-polimentos-22.webp)\"><\/div><\/div><div class=\"col-12 col-sm-6 offset-sm-6\"><div class=\"quote\"><div class=\"q\">\u201c<\/div>Servicios<\/div><h4>POLIMENTOS<\/h4><div class=\"post\"><\/div><\/div><\/div><\/div><div class=\"item\"><div class=\"row\"><div class=\"col-12 col-sm-6 image\"><div style=\"background-image: url(https:\/\/angelimrestauro.pt\/wp-content\/uploads\/2023\/01\/Angelim-douramento-62.webp)\"><\/div><\/div><div class=\"col-12 col-sm-6 offset-sm-6\"><div class=\"quote\"><div class=\"q\">\u201c<\/div>Servicios<\/div><h4>DOURAMENTO<\/h4><div class=\"post\"><\/div><\/div><\/div><\/div><div class=\"item\"><div class=\"row\"><div class=\"col-12 col-sm-6 image\"><div style=\"background-image: url(https:\/\/angelimrestauro.pt\/wp-content\/uploads\/2018\/10\/Angelim-Pintura-Cavalete-86.webp)\"><\/div><\/div><div class=\"col-12 col-sm-6 offset-sm-6\"><div class=\"quote\"><div class=\"q\">\u201c<\/div>Servicios<\/div><h4>PINTURA DE CAVALETE<\/h4><div class=\"post\"><\/div><\/div><\/div><\/div><div class=\"item\"><div class=\"row\"><div class=\"col-12 col-sm-6 image\"><div style=\"background-image: url(https:\/\/angelimrestauro.pt\/wp-content\/uploads\/2018\/10\/Angelim-Pintura-Mural-87.webp)\"><\/div><\/div><div class=\"col-12 col-sm-6 offset-sm-6\"><div class=\"quote\"><div class=\"q\">\u201c<\/div>Servicios<\/div><h4>PINTURA MURAL<\/h4><div class=\"post\"><\/div><\/div><\/div><\/div><div class=\"item\"><div class=\"row\"><div class=\"col-12 col-sm-6 image\"><div style=\"background-image: url(https:\/\/angelimrestauro.pt\/wp-content\/uploads\/2018\/10\/Angelim-Pintura-Decorativa-74.webp)\"><\/div><\/div><div class=\"col-12 col-sm-6 offset-sm-6\"><div class=\"quote\"><div class=\"q\">\u201c<\/div>Servicios<\/div><h4>PINTURA DECORATIVA<\/h4><div class=\"post\"><\/div><\/div><\/div><\/div><div class=\"item\"><div class=\"row\"><div class=\"col-12 col-sm-6 image\"><div style=\"background-image: url(https:\/\/angelimrestauro.pt\/wp-content\/uploads\/2017\/09\/Angelim-Materiais-petreos-79.webp)\"><\/div><\/div><div class=\"col-12 col-sm-6 offset-sm-6\"><div class=\"quote\"><div class=\"q\">\u201c<\/div>Servicios<\/div><h4>MATERIAIS P\u00c9TREOS<\/h4><div class=\"post\"><\/div><\/div><\/div><\/div><div class=\"item\"><div class=\"row\"><div class=\"col-12 col-sm-6 image\"><div style=\"background-image: url(https:\/\/angelimrestauro.pt\/wp-content\/uploads\/2017\/09\/Angelim-Estuques-decorativos-75.webp)\"><\/div><\/div><div class=\"col-12 col-sm-6 offset-sm-6\"><div class=\"quote\"><div class=\"q\">\u201c<\/div>Servicios<\/div><h4>ESTUQUES DECORATIVOS<\/h4><div class=\"post\"><\/div><\/div><\/div><\/div><div class=\"item\"><div class=\"row\"><div class=\"col-12 col-sm-6 image\"><div style=\"background-image: url(https:\/\/angelimrestauro.pt\/wp-content\/uploads\/2017\/09\/Angelim-Escultura-47.webp)\"><\/div><\/div><div class=\"col-12 col-sm-6 offset-sm-6\"><div class=\"quote\"><div class=\"q\">\u201c<\/div>Servicios<\/div><h4>ESCULTURA<\/h4><div class=\"post\"><\/div><\/div><\/div><\/div><div class=\"item\"><div class=\"row\"><div class=\"col-12 col-sm-6 image\"><div style=\"background-image: url(https:\/\/angelimrestauro.pt\/wp-content\/uploads\/2017\/09\/Angelim-Estofos-83.webp)\"><\/div><\/div><div class=\"col-12 col-sm-6 offset-sm-6\"><div class=\"quote\"><div class=\"q\">\u201c<\/div>Servicios<\/div><h4>ESTOFOS<\/h4><div class=\"post\"><\/div><\/div><\/div><\/div><\/div><\/div><\/div><\/div><\/div><div class=\"vc_row wpb_row vc_row-fluid vc_custom_1673629596566 vc_row-63c18f8401f7c vc_row-o-content-top vc_row-flex\"><div class=\"wpb_column vc_column_container vc_col-sm-12 vc_row-69d216852f41f\"><div class=\"vc_column-inner\"><div class=\"wpb_wrapper\">\n\t<div class=\"wpb_text_column wpb_content_element\" >\n\t\t<div class=\"wpb_wrapper\">\n\t\t\t<p style=\"text-align: center;\"><span style=\"font-size: 18px; font-weight: 300;\">Conhe\u00e7a melhor todos os meus projedos<\/span><\/p>\n\n\t\t<\/div>\n\t<\/div>\n      <div class=\"button-container button-63c18ed9fa352 center\">\n        <a class=\"button-style2\" href=\"https:\/\/angelimrestauro.pt\/es\/portfolio\/\" target=\"_self\">\n          <span>Ver portfolio<\/span>\n        <\/a>\n      <\/div>\n    <\/div><\/div><\/div><\/div><div class=\"vc_row wpb_row vc_row-fluid vc_custom_1673629825121 vc_row-60d082d55b3d3 vc_row-o-equal-height vc_row-o-content-middle vc_row-flex\"><div class=\"wpb_animate_when_almost_visible wpb_fadeInUp fadeInUp wpb_column vc_column_container vc_col-sm-12 vc_row-60d48b7010c28 vc_col-has-fill\"><div class=\"vc_column-inner vc_custom_1765124926754\"><div class=\"wpb_wrapper\">      <div class=\"heading-block heading-5d67b7d65a517 tal h-h3 with-line vc_custom_1765124824697\">\n                  <h3 class=\"h\">Trabajo realizado<\/h3>\n              <\/div>\n    \n\t<div class=\"wpb_text_column wpb_content_element\" >\n\t\t<div class=\"wpb_wrapper\">\n\t\t\t<p><span style=\"font-weight: 300; font-size: 14px;\">Recupera\u00e7\u00e3o da estrutura do altar de N\u00aa S\u00aa do Ros\u00e1rio, Arvore de Jess\u00e9, e recupera\u00e7\u00e3o do suporte das dezasseis esculturas que o comp\u00f5em \u2013 Convento de S. Francisco \u2013 Estremoz, de Mar\u00e7o a Setembro 1999, para a empresa Protec\u00e7\u00e3o, Lda. \u2013 C\u00e2mara Municipal de Estremoz<\/span><\/p>\n<p><span style=\"font-weight: 300; font-size: 14px;\">Elabora\u00e7\u00e3o de uma mesa de altar, para uma capela lateral da S\u00e9 de \u00c9vora, incorporando um frontal de altar do Museu de arte Sacra de \u00c9vora, para a empresa Protec\u00e7\u00e3o, Lda. \u2013 Cabido da S\u00e9 de \u00c9vora<\/span><\/p>\n<p><span style=\"font-weight: 300; font-size: 14px;\">Recupera\u00e7\u00e3o da pintura e douramento do roda cadeiras, portas e portadas da Antec\u00e2mara da Sala do Trono \u2013 Pal\u00e1cio da Ajuda \u2013 Lisboa (IPPAR)<\/span><\/p>\n<p><span style=\"font-weight: 300; font-size: 14px;\">Recupera\u00e7\u00e3o da pintura decorativa das portas e portadas do Jardim de Inverno \u2013 Pal\u00e1cio da Ajuda \u2013 Lisboa (IPPAR)<\/span><\/p>\n<p><span style=\"font-weight: 300; font-size: 14px;\">Recupera\u00e7\u00e3o da estrutura em madeira e da pintura decorativa e douramento do roda cadeiras e portas do toillete das Senhoras da Casa do Alentejo \u2013 Lisboa (IPPAR).<\/span><\/p>\n\n\t\t<\/div>\n\t<\/div>\n      <div class=\"button-container button-63c1903d17321 center\">\n        <a class=\"button-style2\" href=\"https:\/\/angelimrestauro.pt\/es\/trabalhos-realizados\/\" target=\"_self\">\n          <span>Ver lista<\/span>\n        <\/a>\n      <\/div>\n    <\/div><\/div><\/div><\/div>\n<\/div>","protected":false},"excerpt":{"rendered":"Servi\u00e7os \u201cServi\u00e7osCONSERVA\u00c7\u00c3O E RESTAURO\u201cServi\u00e7osMARCENARIA\u201cServi\u00e7osTALHA\u201cServi\u00e7osEMBUTIDOS\u201cServi\u00e7osPOLIMENTOS\u201cServi\u00e7osDOURAMENTO\u201cServi\u00e7osPINTURA DE CAVALETE\u201cServi\u00e7osPINTURA MURAL\u201cServi\u00e7osPINTURA DECORATIVA\u201cServi\u00e7osMATERIAIS P\u00c9TREOS\u201cServi\u00e7osESTUQUES DECORATIVOS\u201cServi\u00e7osESCULTURA\u201cServi\u00e7osESTOFOS Conhe\u00e7a melhor todos os meus projedos Ver portfolio Trabalhos Realizados Recupera\u00e7\u00e3o da estrutura do altar de N\u00aa S\u00aa do Ros\u00e1rio, Arvore de Jess\u00e9, e recupera\u00e7\u00e3o do suporte das dezasseis esculturas que o comp\u00f5em \u2013 Convento de S. Francisco \u2013 Estremoz, de Mar\u00e7o a Setembro 1999, [...]","protected":false},"author":1,"featured_media":0,"parent":0,"menu_order":0,"comment_status":"closed","ping_status":"closed","template":"template-landing.php","meta":{"_acf_changed":false,"footnotes":""},"class_list":["post-3544","page","type-page","status-publish","hentry"],"acf":[],"_links":{"self":[{"href":"https:\/\/angelimrestauro.pt\/es\/wp-json\/wp\/v2\/pages\/3544","targetHints":{"allow":["GET"]}}],"collection":[{"href":"https:\/\/angelimrestauro.pt\/es\/wp-json\/wp\/v2\/pages"}],"about":[{"href":"https:\/\/angelimrestauro.pt\/es\/wp-json\/wp\/v2\/types\/page"}],"author":[{"embeddable":true,"href":"https:\/\/angelimrestauro.pt\/es\/wp-json\/wp\/v2\/users\/1"}],"replies":[{"embeddable":true,"href":"https:\/\/angelimrestauro.pt\/es\/wp-json\/wp\/v2\/comments?post=3544"}],"version-history":[{"count":5,"href":"https:\/\/angelimrestauro.pt\/es\/wp-json\/wp\/v2\/pages\/3544\/revisions"}],"predecessor-version":[{"id":3943,"href":"https:\/\/angelimrestauro.pt\/es\/wp-json\/wp\/v2\/pages\/3544\/revisions\/3943"}],"wp:attachment":[{"href":"https:\/\/angelimrestauro.pt\/es\/wp-json\/wp\/v2\/media?parent=3544"}],"curies":[{"name":"wp","href":"https:\/\/api.w.org\/{rel}","templated":true}]}}