{"id":3550,"date":"2022-09-13T17:33:08","date_gmt":"2022-09-13T17:33:08","guid":{"rendered":"https:\/\/angelim-restauro.pt\/?page_id=3550"},"modified":"2023-06-11T11:54:48","modified_gmt":"2023-06-11T11:54:48","slug":"portfolio","status":"publish","type":"page","link":"https:\/\/angelimrestauro.pt\/en\/portfolio\/","title":{"rendered":"Portfolio"},"content":{"rendered":"<div class=\"wpb-content-wrapper\"><div class=\"vc_row wpb_row vc_row-fluid vc_custom_1673629887015 vc_row-63c190b9a4627\"><div class=\"wpb_column vc_column_container vc_col-sm-12 vc_row-69d1bfcc96835\"><div class=\"vc_column-inner\"><div class=\"wpb_wrapper\"><h2 style=\"text-align: center\" class=\"vc_custom_heading vc_do_custom_heading\" >Portfolio<\/h2>\r\n\t\t<div class=\"portfolio-block portfolio-block-59c3651ca7662 popup-gallery\" data-popup-settings=\"{&quot;popupTitle&quot;:false,&quot;popupDesc&quot;:false}\">\r\n\t\t\t\t\t\t\t\t\t<div class=\"filter-buttons filter-button-group tac\">\r\n\t\t\t<div class=\"wrap\">\r\n\t\t\t\t<button class=\"button active\" data-filter=\"*\">\r\n\t\t\t\t\t<span>Todos<\/span>\r\n\t\t\t\t<\/button>\r\n\t\t\t\t\t\t\t\t\t<button class=\"button\" data-filter=\".category-25\">\r\n\t\t\t\t\t\t<span>Avalia\u00e7\u00f5es<\/span>\r\n\t\t\t\t\t<\/button>\r\n\t\t\t\t\t\t\t\t\t<button class=\"button\" data-filter=\".category-8\">\r\n\t\t\t\t\t\t<span>Conserva\u00e7\u00e3o e restauro<\/span>\r\n\t\t\t\t\t<\/button>\r\n\t\t\t\t\t\t\t\t\t<button class=\"button\" data-filter=\".category-13\">\r\n\t\t\t\t\t\t<span>Douramento<\/span>\r\n\t\t\t\t\t<\/button>\r\n\t\t\t\t\t\t\t\t\t<button class=\"button\" data-filter=\".category-11\">\r\n\t\t\t\t\t\t<span>Embutidos<\/span>\r\n\t\t\t\t\t<\/button>\r\n\t\t\t\t\t\t\t\t\t<button class=\"button\" data-filter=\".category-21\">\r\n\t\t\t\t\t\t<span>Escultura<\/span>\r\n\t\t\t\t\t<\/button>\r\n\t\t\t\t\t\t\t\t\t<button class=\"button\" data-filter=\".category-22\">\r\n\t\t\t\t\t\t<span>Estofos<\/span>\r\n\t\t\t\t\t<\/button>\r\n\t\t\t\t\t\t\t\t\t<button class=\"button\" data-filter=\".category-20\">\r\n\t\t\t\t\t\t<span>Estuques decorativos<\/span>\r\n\t\t\t\t\t<\/button>\r\n\t\t\t\t\t\t\t\t\t<button class=\"button\" data-filter=\".category-9\">\r\n\t\t\t\t\t\t<span>Marcenaria<\/span>\r\n\t\t\t\t\t<\/button>\r\n\t\t\t\t\t\t\t\t\t<button class=\"button\" data-filter=\".category-19\">\r\n\t\t\t\t\t\t<span>Materiais p\u00e9treos<\/span>\r\n\t\t\t\t\t<\/button>\r\n\t\t\t\t\t\t\t\t\t<button class=\"button\" data-filter=\".category-16\">\r\n\t\t\t\t\t\t<span>Pintura de Cavalete<\/span>\r\n\t\t\t\t\t<\/button>\r\n\t\t\t\t\t\t\t\t\t<button class=\"button\" data-filter=\".category-18\">\r\n\t\t\t\t\t\t<span>Pintura Decorativa<\/span>\r\n\t\t\t\t\t<\/button>\r\n\t\t\t\t\t\t\t\t\t<button class=\"button\" data-filter=\".category-17\">\r\n\t\t\t\t\t\t<span>Pintura Mural<\/span>\r\n\t\t\t\t\t<\/button>\r\n\t\t\t\t\t\t\t\t\t<button class=\"button\" data-filter=\".category-12\">\r\n\t\t\t\t\t\t<span>Polimentos<\/span>\r\n\t\t\t\t\t<\/button>\r\n\t\t\t\t\t\t\t\t\t<button class=\"button\" data-filter=\".category-10\">\r\n\t\t\t\t\t\t<span>Talha<\/span>\r\n\t\t\t\t\t<\/button>\r\n\t\t\t\t\t\t\t<\/div>\r\n\t\t<\/div>\r\n\t\t\t\t\t\t<div class=\"portfolio-items portfolio-type-grid load-wrap portfolio_hover_type_7 row\">\r\n\t\t\t\t\t\t\t<article class=\"portfolio-item col-12 col-sm-4 col-lg-4 portfolio-grid-item category-25 popup-item image-center\">\r\n\t\t\t<div class=\"wrap\">\r\n\t\t\t\t\t\t\t\t\t<div class=\"a-img\" data-original=\"https:\/\/angelimrestauro.pt\/wp-content\/uploads\/2017\/09\/Angelim-Pormenor-Limpeza-5.webp\">\r\n\t\t\t\t\t\t<div style=\"background-image: url(https:\/\/angelimrestauro.pt\/wp-content\/uploads\/2017\/09\/Angelim-Pormenor-Limpeza-5.webp);\"><\/div>\r\n            \t\t\t\t\t<\/div>\r\n\t\t\t\t          <a href=\"https:\/\/angelimrestauro.pt\/en\/pt-portfolio\/pormenor-de-limpeza\/\" class=\"permalink\"><i class=\"basic-ui-icon-link\"><\/i><\/a>\r\n        \t\t\t\t<div class=\"content\">\r\n\t\t\t\t\t\t\t\t<h5>Avalia\u00e7\u00f5es<\/h5>\r\n\t\t\t\t\t\t\t\t\t\t\t<\/div>\r\n                  <a class=\"link\" href=\"#\" data-popup-json=\"{&quot;title&quot;:&quot;Avalia\\u00e7\\u00f5es&quot;,&quot;desc&quot;:false,&quot;image&quot;:{&quot;url&quot;:&quot;https:\\\/\\\/angelimrestauro.pt\\\/wp-content\\\/uploads\\\/2017\\\/09\\\/Angelim-Pormenor-Limpeza-5.webp&quot;,&quot;w&quot;:1080,&quot;h&quot;:1920},&quot;post_id&quot;:357,&quot;likes&quot;:&quot;3&quot;,&quot;projectLink&quot;:&quot;https:\\\/\\\/angelimrestauro.pt\\\/en\\\/pt-portfolio\\\/pormenor-de-limpeza\\\/&quot;,&quot;projectLinkTarget&quot;:&quot;_blank&quot;}\" data-id=\"0\" ><\/a>        \t\t\t<\/div>\r\n\t\t<\/article>\r\n\t\t\t\t<article class=\"portfolio-item col-12 col-sm-4 col-lg-4 portfolio-grid-item category-8 popup-item image-center\">\r\n\t\t\t<div class=\"wrap\">\r\n\t\t\t\t\t\t\t\t\t<div class=\"a-img\" data-original=\"https:\/\/angelimrestauro.pt\/wp-content\/uploads\/2017\/09\/Angelim-restauro-conservacao-big-32.webp\">\r\n\t\t\t\t\t\t<div style=\"background-image: url(https:\/\/angelimrestauro.pt\/wp-content\/uploads\/2017\/09\/Angelim-restauro-conservacao-big-32.webp);\"><\/div>\r\n            \t\t\t\t\t<\/div>\r\n\t\t\t\t          <a href=\"https:\/\/angelimrestauro.pt\/en\/pt-portfolio\/conservacao-e-restauro\/\" class=\"permalink\"><i class=\"basic-ui-icon-link\"><\/i><\/a>\r\n        \t\t\t\t<div class=\"content\">\r\n\t\t\t\t\t\t\t\t<h5>Conserva\u00e7\u00e3o e restauro<\/h5>\r\n\t\t\t\t\t\t\t<p>&nbsp;<\/p>\n\t\t\t\t<\/div>\r\n                  <a class=\"link\" href=\"#\" data-popup-json=\"{&quot;title&quot;:&quot;Conserva\\u00e7\\u00e3o e restauro&quot;,&quot;desc&quot;:&quot;&nbsp;\\r\\n\\r\\n&quot;,&quot;image&quot;:{&quot;url&quot;:&quot;https:\\\/\\\/angelimrestauro.pt\\\/wp-content\\\/uploads\\\/2017\\\/09\\\/Angelim-restauro-conservacao-big-32.webp&quot;,&quot;w&quot;:1950,&quot;h&quot;:1463},&quot;post_id&quot;:3649,&quot;likes&quot;:&quot;32&quot;,&quot;projectLink&quot;:&quot;https:\\\/\\\/angelimrestauro.pt\\\/en\\\/pt-portfolio\\\/conservacao-e-restauro\\\/&quot;,&quot;projectLinkTarget&quot;:&quot;_blank&quot;}\" data-id=\"1\" ><\/a>        \t\t\t<\/div>\r\n\t\t<\/article>\r\n\t\t\t\t<article class=\"portfolio-item col-12 col-sm-4 col-lg-4 portfolio-grid-item category-13 popup-item image-center\">\r\n\t\t\t<div class=\"wrap\">\r\n\t\t\t\t\t\t\t\t\t<div class=\"a-img\" data-original=\"https:\/\/angelimrestauro.pt\/wp-content\/uploads\/2023\/01\/Angelim-douramento-61.webp\">\r\n\t\t\t\t\t\t<div style=\"background-image: url(https:\/\/angelimrestauro.pt\/wp-content\/uploads\/2023\/01\/Angelim-douramento-61.webp);\"><\/div>\r\n            \t\t\t\t\t<\/div>\r\n\t\t\t\t          <a href=\"https:\/\/angelimrestauro.pt\/en\/pt-portfolio\/douramento\/\" class=\"permalink\"><i class=\"basic-ui-icon-link\"><\/i><\/a>\r\n        \t\t\t\t<div class=\"content\">\r\n\t\t\t\t\t\t\t\t<h5>Douramento<\/h5>\r\n\t\t\t\t\t\t\t<p>&nbsp;<\/p>\n\t\t\t\t<\/div>\r\n                  <a class=\"link\" href=\"#\" data-popup-json=\"{&quot;title&quot;:&quot;Douramento&quot;,&quot;desc&quot;:&quot;&nbsp;\\r\\n\\r\\n&quot;,&quot;image&quot;:{&quot;url&quot;:&quot;https:\\\/\\\/angelimrestauro.pt\\\/wp-content\\\/uploads\\\/2023\\\/01\\\/Angelim-douramento-61.webp&quot;,&quot;w&quot;:1600,&quot;h&quot;:1200},&quot;post_id&quot;:1235,&quot;likes&quot;:&quot;5&quot;,&quot;projectLink&quot;:&quot;https:\\\/\\\/angelimrestauro.pt\\\/en\\\/pt-portfolio\\\/douramento\\\/&quot;,&quot;projectLinkTarget&quot;:&quot;_blank&quot;}\" data-id=\"2\" ><\/a>        \t\t\t<\/div>\r\n\t\t<\/article>\r\n\t\t\t\t<article class=\"portfolio-item col-12 col-sm-4 col-lg-4 portfolio-grid-item category-11 popup-item image-center\">\r\n\t\t\t<div class=\"wrap\">\r\n\t\t\t\t\t\t\t\t\t<div class=\"a-img\" data-original=\"https:\/\/angelimrestauro.pt\/wp-content\/uploads\/2018\/10\/Angelim-restauro-conservacao-77.webp\">\r\n\t\t\t\t\t\t<div style=\"background-image: url(https:\/\/angelimrestauro.pt\/wp-content\/uploads\/2018\/10\/Angelim-restauro-conservacao-77.webp);\"><\/div>\r\n            \t\t\t\t\t<\/div>\r\n\t\t\t\t          <a href=\"https:\/\/angelimrestauro.pt\/en\/pt-portfolio\/embutidos\/\" class=\"permalink\"><i class=\"basic-ui-icon-link\"><\/i><\/a>\r\n        \t\t\t\t<div class=\"content\">\r\n\t\t\t\t\t\t\t\t<h5>Embutidos<\/h5>\r\n\t\t\t\t\t\t\t<p>&nbsp;<\/p>\n\t\t\t\t<\/div>\r\n                  <a class=\"link\" href=\"#\" data-popup-json=\"{&quot;title&quot;:&quot;Embutidos&quot;,&quot;desc&quot;:&quot;&nbsp;\\r\\n\\r\\n&quot;,&quot;image&quot;:{&quot;url&quot;:&quot;https:\\\/\\\/angelimrestauro.pt\\\/wp-content\\\/uploads\\\/2018\\\/10\\\/Angelim-restauro-conservacao-77.webp&quot;,&quot;w&quot;:1950,&quot;h&quot;:1463},&quot;post_id&quot;:1237,&quot;likes&quot;:&quot;33&quot;,&quot;projectLink&quot;:&quot;https:\\\/\\\/angelimrestauro.pt\\\/en\\\/pt-portfolio\\\/embutidos\\\/&quot;,&quot;projectLinkTarget&quot;:&quot;_blank&quot;}\" data-id=\"3\" ><\/a>        \t\t\t<\/div>\r\n\t\t<\/article>\r\n\t\t\t\t<article class=\"portfolio-item col-12 col-sm-4 col-lg-4 portfolio-grid-item category-21 popup-item image-center\">\r\n\t\t\t<div class=\"wrap\">\r\n\t\t\t\t\t\t\t\t\t<div class=\"a-img\" data-original=\"https:\/\/angelimrestauro.pt\/wp-content\/uploads\/2017\/09\/Angelim-Escultura-47.webp\">\r\n\t\t\t\t\t\t<div style=\"background-image: url(https:\/\/angelimrestauro.pt\/wp-content\/uploads\/2017\/09\/Angelim-Escultura-47.webp);\"><\/div>\r\n            \t\t\t\t\t<\/div>\r\n\t\t\t\t          <a href=\"https:\/\/angelimrestauro.pt\/en\/pt-portfolio\/escultura\/\" class=\"permalink\"><i class=\"basic-ui-icon-link\"><\/i><\/a>\r\n        \t\t\t\t<div class=\"content\">\r\n\t\t\t\t\t\t\t\t<h5>Escultura<\/h5>\r\n\t\t\t\t\t\t\t<p>&nbsp;<\/p>\n\t\t\t\t<\/div>\r\n                  <a class=\"link\" href=\"#\" data-popup-json=\"{&quot;title&quot;:&quot;Escultura&quot;,&quot;desc&quot;:&quot;&nbsp;\\r\\n\\r\\n&quot;,&quot;image&quot;:{&quot;url&quot;:&quot;https:\\\/\\\/angelimrestauro.pt\\\/wp-content\\\/uploads\\\/2017\\\/09\\\/Angelim-Escultura-47.webp&quot;,&quot;w&quot;:1711,&quot;h&quot;:1950},&quot;post_id&quot;:359,&quot;likes&quot;:&quot;4&quot;,&quot;projectLink&quot;:&quot;https:\\\/\\\/angelimrestauro.pt\\\/en\\\/pt-portfolio\\\/escultura\\\/&quot;,&quot;projectLinkTarget&quot;:&quot;_blank&quot;}\" data-id=\"4\" ><\/a>        \t\t\t<\/div>\r\n\t\t<\/article>\r\n\t\t\t\t<article class=\"portfolio-item col-12 col-sm-4 col-lg-4 portfolio-grid-item category-22 popup-item image-center\">\r\n\t\t\t<div class=\"wrap\">\r\n\t\t\t\t\t\t\t\t\t<div class=\"a-img\" data-original=\"https:\/\/angelimrestauro.pt\/wp-content\/uploads\/2017\/09\/Angelim-Estofos-83.webp\">\r\n\t\t\t\t\t\t<div style=\"background-image: url(https:\/\/angelimrestauro.pt\/wp-content\/uploads\/2017\/09\/Angelim-Estofos-83.webp);\"><\/div>\r\n            \t\t\t\t\t<\/div>\r\n\t\t\t\t          <a href=\"https:\/\/angelimrestauro.pt\/en\/pt-portfolio\/estofos\/\" class=\"permalink\"><i class=\"basic-ui-icon-link\"><\/i><\/a>\r\n        \t\t\t\t<div class=\"content\">\r\n\t\t\t\t\t\t\t\t<h5>Estofos<\/h5>\r\n\t\t\t\t\t\t\t<p>&nbsp;<\/p>\n\t\t\t\t<\/div>\r\n                  <a class=\"link\" href=\"#\" data-popup-json=\"{&quot;title&quot;:&quot;Estofos&quot;,&quot;desc&quot;:&quot;&nbsp;\\r\\n\\r\\n&quot;,&quot;image&quot;:{&quot;url&quot;:&quot;https:\\\/\\\/angelimrestauro.pt\\\/wp-content\\\/uploads\\\/2017\\\/09\\\/Angelim-Estofos-83.webp&quot;,&quot;w&quot;:1950,&quot;h&quot;:1950},&quot;post_id&quot;:358,&quot;likes&quot;:&quot;3&quot;,&quot;projectLink&quot;:&quot;https:\\\/\\\/angelimrestauro.pt\\\/en\\\/pt-portfolio\\\/estofos\\\/&quot;,&quot;projectLinkTarget&quot;:&quot;_blank&quot;}\" data-id=\"5\" ><\/a>        \t\t\t<\/div>\r\n\t\t<\/article>\r\n\t\t\t\t<article class=\"portfolio-item col-12 col-sm-4 col-lg-4 portfolio-grid-item category-20 popup-item image-center\">\r\n\t\t\t<div class=\"wrap\">\r\n\t\t\t\t\t\t\t\t\t<div class=\"a-img\" data-original=\"https:\/\/angelimrestauro.pt\/wp-content\/uploads\/2017\/09\/Angelim-Estuques-decorativos-75.webp\">\r\n\t\t\t\t\t\t<div style=\"background-image: url(https:\/\/angelimrestauro.pt\/wp-content\/uploads\/2017\/09\/Angelim-Estuques-decorativos-75.webp);\"><\/div>\r\n            \t\t\t\t\t<\/div>\r\n\t\t\t\t          <a href=\"https:\/\/angelimrestauro.pt\/en\/pt-portfolio\/estuques-decorativos\/\" class=\"permalink\"><i class=\"basic-ui-icon-link\"><\/i><\/a>\r\n        \t\t\t\t<div class=\"content\">\r\n\t\t\t\t\t\t\t\t<h5>Estuques decorativos<\/h5>\r\n\t\t\t\t\t\t\t<p>&nbsp;<\/p>\n\t\t\t\t<\/div>\r\n                  <a class=\"link\" href=\"#\" data-popup-json=\"{&quot;title&quot;:&quot;Estuques decorativos&quot;,&quot;desc&quot;:&quot;&nbsp;\\r\\n\\r\\n&quot;,&quot;image&quot;:{&quot;url&quot;:&quot;https:\\\/\\\/angelimrestauro.pt\\\/wp-content\\\/uploads\\\/2017\\\/09\\\/Angelim-Estuques-decorativos-75.webp&quot;,&quot;w&quot;:1950,&quot;h&quot;:980},&quot;post_id&quot;:360,&quot;likes&quot;:&quot;4&quot;,&quot;projectLink&quot;:&quot;https:\\\/\\\/angelimrestauro.pt\\\/en\\\/pt-portfolio\\\/estuques-decorativos\\\/&quot;,&quot;projectLinkTarget&quot;:&quot;_blank&quot;}\" data-id=\"6\" ><\/a>        \t\t\t<\/div>\r\n\t\t<\/article>\r\n\t\t\t\t<article class=\"portfolio-item col-12 col-sm-4 col-lg-4 portfolio-grid-item category-9 popup-item image-center\">\r\n\t\t\t<div class=\"wrap\">\r\n\t\t\t\t\t\t\t\t\t<div class=\"a-img\" data-original=\"https:\/\/angelimrestauro.pt\/wp-content\/uploads\/2017\/09\/Angelim-restauro-conservacao-12.webp\">\r\n\t\t\t\t\t\t<div style=\"background-image: url(https:\/\/angelimrestauro.pt\/wp-content\/uploads\/2017\/09\/Angelim-restauro-conservacao-12.webp);\"><\/div>\r\n            \t\t\t\t\t<\/div>\r\n\t\t\t\t          <a href=\"https:\/\/angelimrestauro.pt\/en\/pt-portfolio\/marcenaria\/\" class=\"permalink\"><i class=\"basic-ui-icon-link\"><\/i><\/a>\r\n        \t\t\t\t<div class=\"content\">\r\n\t\t\t\t\t\t\t\t<h5>Marcenaria<\/h5>\r\n\t\t\t\t\t\t\t<p>&nbsp;<\/p>\n\t\t\t\t<\/div>\r\n                  <a class=\"link\" href=\"#\" data-popup-json=\"{&quot;title&quot;:&quot;Marcenaria&quot;,&quot;desc&quot;:&quot;&nbsp;\\r\\n&quot;,&quot;image&quot;:{&quot;url&quot;:&quot;https:\\\/\\\/angelimrestauro.pt\\\/wp-content\\\/uploads\\\/2017\\\/09\\\/Angelim-restauro-conservacao-12.webp&quot;,&quot;w&quot;:1950,&quot;h&quot;:1463},&quot;post_id&quot;:325,&quot;likes&quot;:&quot;93&quot;,&quot;projectLink&quot;:&quot;https:\\\/\\\/angelimrestauro.pt\\\/en\\\/pt-portfolio\\\/marcenaria\\\/&quot;,&quot;projectLinkTarget&quot;:&quot;_blank&quot;}\" data-id=\"7\" ><\/a>        \t\t\t<\/div>\r\n\t\t<\/article>\r\n\t\t\t\t<article class=\"portfolio-item col-12 col-sm-4 col-lg-4 portfolio-grid-item category-19 popup-item image-center\">\r\n\t\t\t<div class=\"wrap\">\r\n\t\t\t\t\t\t\t\t\t<div class=\"a-img\" data-original=\"https:\/\/angelimrestauro.pt\/wp-content\/uploads\/2017\/09\/Angelim-Materiais-petreos-79.webp\">\r\n\t\t\t\t\t\t<div style=\"background-image: url(https:\/\/angelimrestauro.pt\/wp-content\/uploads\/2017\/09\/Angelim-Materiais-petreos-79.webp);\"><\/div>\r\n            \t\t\t\t\t<\/div>\r\n\t\t\t\t          <a href=\"https:\/\/angelimrestauro.pt\/en\/pt-portfolio\/materiais-petreos\/\" class=\"permalink\"><i class=\"basic-ui-icon-link\"><\/i><\/a>\r\n        \t\t\t\t<div class=\"content\">\r\n\t\t\t\t\t\t\t\t<h5>Materiais P\u00e9treos<\/h5>\r\n\t\t\t\t\t\t\t<p>&nbsp;<\/p>\n\t\t\t\t<\/div>\r\n                  <a class=\"link\" href=\"#\" data-popup-json=\"{&quot;title&quot;:&quot;Materiais P\\u00e9treos&quot;,&quot;desc&quot;:&quot;&nbsp;\\r\\n\\r\\n&quot;,&quot;image&quot;:{&quot;url&quot;:&quot;https:\\\/\\\/angelimrestauro.pt\\\/wp-content\\\/uploads\\\/2017\\\/09\\\/Angelim-Materiais-petreos-79.webp&quot;,&quot;w&quot;:1950,&quot;h&quot;:1950},&quot;post_id&quot;:361,&quot;likes&quot;:&quot;3&quot;,&quot;projectLink&quot;:&quot;https:\\\/\\\/angelimrestauro.pt\\\/en\\\/pt-portfolio\\\/materiais-petreos\\\/&quot;,&quot;projectLinkTarget&quot;:&quot;_blank&quot;}\" data-id=\"8\" ><\/a>        \t\t\t<\/div>\r\n\t\t<\/article>\r\n\t\t\t\t<article class=\"portfolio-item col-12 col-sm-4 col-lg-4 portfolio-grid-item category-16 popup-item image-center\">\r\n\t\t\t<div class=\"wrap\">\r\n\t\t\t\t\t\t\t\t\t<div class=\"a-img\" data-original=\"https:\/\/angelimrestauro.pt\/wp-content\/uploads\/2018\/10\/Angelim-Pintura-Cavalete-86.webp\">\r\n\t\t\t\t\t\t<div style=\"background-image: url(https:\/\/angelimrestauro.pt\/wp-content\/uploads\/2018\/10\/Angelim-Pintura-Cavalete-86.webp);\"><\/div>\r\n            \t\t\t\t\t<\/div>\r\n\t\t\t\t          <a href=\"https:\/\/angelimrestauro.pt\/en\/pt-portfolio\/pintura-de-cavalete\/\" class=\"permalink\"><i class=\"basic-ui-icon-link\"><\/i><\/a>\r\n        \t\t\t\t<div class=\"content\">\r\n\t\t\t\t\t\t\t\t<h5>Pintura de Cavalete<\/h5>\r\n\t\t\t\t\t\t\t\t\t\t\t<\/div>\r\n                  <a class=\"link\" href=\"#\" data-popup-json=\"{&quot;title&quot;:&quot;Pintura de Cavalete&quot;,&quot;desc&quot;:false,&quot;image&quot;:{&quot;url&quot;:&quot;https:\\\/\\\/angelimrestauro.pt\\\/wp-content\\\/uploads\\\/2018\\\/10\\\/Angelim-Pintura-Cavalete-86.webp&quot;,&quot;w&quot;:1920,&quot;h&quot;:1080},&quot;post_id&quot;:1234,&quot;likes&quot;:&quot;11&quot;,&quot;projectLink&quot;:&quot;https:\\\/\\\/angelimrestauro.pt\\\/en\\\/pt-portfolio\\\/pintura-de-cavalete\\\/&quot;,&quot;projectLinkTarget&quot;:&quot;_blank&quot;}\" data-id=\"9\" ><\/a>        \t\t\t<\/div>\r\n\t\t<\/article>\r\n\t\t\t\t<article class=\"portfolio-item col-12 col-sm-4 col-lg-4 portfolio-grid-item category-18 popup-item image-center\">\r\n\t\t\t<div class=\"wrap\">\r\n\t\t\t\t\t\t\t\t\t<div class=\"a-img\" data-original=\"https:\/\/angelimrestauro.pt\/wp-content\/uploads\/2018\/10\/Angelim-Pintura-Decorativa-74.webp\">\r\n\t\t\t\t\t\t<div style=\"background-image: url(https:\/\/angelimrestauro.pt\/wp-content\/uploads\/2018\/10\/Angelim-Pintura-Decorativa-74.webp);\"><\/div>\r\n            \t\t\t\t\t<\/div>\r\n\t\t\t\t          <a href=\"https:\/\/angelimrestauro.pt\/en\/pt-portfolio\/pintura-decorativa\/\" class=\"permalink\"><i class=\"basic-ui-icon-link\"><\/i><\/a>\r\n        \t\t\t\t<div class=\"content\">\r\n\t\t\t\t\t\t\t\t<h5>Pintura Decorativa<\/h5>\r\n\t\t\t\t\t\t\t<p>&nbsp;<\/p>\n\t\t\t\t<\/div>\r\n                  <a class=\"link\" href=\"#\" data-popup-json=\"{&quot;title&quot;:&quot;Pintura Decorativa&quot;,&quot;desc&quot;:&quot;&nbsp;\\r\\n\\r\\n&quot;,&quot;image&quot;:{&quot;url&quot;:&quot;https:\\\/\\\/angelimrestauro.pt\\\/wp-content\\\/uploads\\\/2018\\\/10\\\/Angelim-Pintura-Decorativa-74.webp&quot;,&quot;w&quot;:1463,&quot;h&quot;:1950},&quot;post_id&quot;:1230,&quot;likes&quot;:&quot;2&quot;,&quot;projectLink&quot;:&quot;https:\\\/\\\/angelimrestauro.pt\\\/en\\\/pt-portfolio\\\/pintura-decorativa\\\/&quot;,&quot;projectLinkTarget&quot;:&quot;_blank&quot;}\" data-id=\"10\" ><\/a>        \t\t\t<\/div>\r\n\t\t<\/article>\r\n\t\t\t\t<article class=\"portfolio-item col-12 col-sm-4 col-lg-4 portfolio-grid-item category-17 popup-item image-center\">\r\n\t\t\t<div class=\"wrap\">\r\n\t\t\t\t\t\t\t\t\t<div class=\"a-img\" data-original=\"https:\/\/angelimrestauro.pt\/wp-content\/uploads\/2018\/10\/Angelim-Pintura-Mural-87.webp\">\r\n\t\t\t\t\t\t<div style=\"background-image: url(https:\/\/angelimrestauro.pt\/wp-content\/uploads\/2018\/10\/Angelim-Pintura-Mural-87.webp);\"><\/div>\r\n            \t\t\t\t\t<\/div>\r\n\t\t\t\t          <a href=\"https:\/\/angelimrestauro.pt\/en\/pt-portfolio\/pintura-mural\/\" class=\"permalink\"><i class=\"basic-ui-icon-link\"><\/i><\/a>\r\n        \t\t\t\t<div class=\"content\">\r\n\t\t\t\t\t\t\t\t<h5>Pintura Mural<\/h5>\r\n\t\t\t\t\t\t\t<p>&nbsp;<\/p>\n\t\t\t\t<\/div>\r\n                  <a class=\"link\" href=\"#\" data-popup-json=\"{&quot;title&quot;:&quot;Pintura Mural&quot;,&quot;desc&quot;:&quot;&nbsp;\\r\\n\\r\\n&quot;,&quot;image&quot;:{&quot;url&quot;:&quot;https:\\\/\\\/angelimrestauro.pt\\\/wp-content\\\/uploads\\\/2018\\\/10\\\/Angelim-Pintura-Mural-87.webp&quot;,&quot;w&quot;:1463,&quot;h&quot;:1950},&quot;post_id&quot;:1233,&quot;likes&quot;:&quot;5&quot;,&quot;projectLink&quot;:&quot;https:\\\/\\\/angelimrestauro.pt\\\/en\\\/pt-portfolio\\\/pintura-mural\\\/&quot;,&quot;projectLinkTarget&quot;:&quot;_blank&quot;}\" data-id=\"11\" ><\/a>        \t\t\t<\/div>\r\n\t\t<\/article>\r\n\t\t\t\t<article class=\"portfolio-item col-12 col-sm-4 col-lg-4 portfolio-grid-item category-12 popup-item image-center\">\r\n\t\t\t<div class=\"wrap\">\r\n\t\t\t\t\t\t\t\t\t<div class=\"a-img\" data-original=\"https:\/\/angelimrestauro.pt\/wp-content\/uploads\/2018\/10\/Angelim-polimentos-22.webp\">\r\n\t\t\t\t\t\t<div style=\"background-image: url(https:\/\/angelimrestauro.pt\/wp-content\/uploads\/2018\/10\/Angelim-polimentos-22.webp);\"><\/div>\r\n            \t\t\t\t\t<\/div>\r\n\t\t\t\t          <a href=\"https:\/\/angelimrestauro.pt\/en\/pt-portfolio\/polimentos\/\" class=\"permalink\"><i class=\"basic-ui-icon-link\"><\/i><\/a>\r\n        \t\t\t\t<div class=\"content\">\r\n\t\t\t\t\t\t\t\t<h5>Polimentos<\/h5>\r\n\t\t\t\t\t\t\t<p>&nbsp;<\/p>\n\t\t\t\t<\/div>\r\n                  <a class=\"link\" href=\"#\" data-popup-json=\"{&quot;title&quot;:&quot;Polimentos&quot;,&quot;desc&quot;:&quot;&nbsp;\\r\\n&quot;,&quot;image&quot;:{&quot;url&quot;:&quot;https:\\\/\\\/angelimrestauro.pt\\\/wp-content\\\/uploads\\\/2018\\\/10\\\/Angelim-polimentos-22.webp&quot;,&quot;w&quot;:1600,&quot;h&quot;:1200},&quot;post_id&quot;:1236,&quot;likes&quot;:&quot;15&quot;,&quot;projectLink&quot;:&quot;https:\\\/\\\/angelimrestauro.pt\\\/en\\\/pt-portfolio\\\/polimentos\\\/&quot;,&quot;projectLinkTarget&quot;:&quot;_blank&quot;}\" data-id=\"12\" ><\/a>        \t\t\t<\/div>\r\n\t\t<\/article>\r\n\t\t\t\t<article class=\"portfolio-item col-12 col-sm-4 col-lg-4 portfolio-grid-item category-10 popup-item image-center\">\r\n\t\t\t<div class=\"wrap\">\r\n\t\t\t\t\t\t\t\t\t<div class=\"a-img\" data-original=\"https:\/\/angelimrestauro.pt\/wp-content\/uploads\/2023\/01\/Angelim-restauro-conservacao-26.webp\">\r\n\t\t\t\t\t\t<div style=\"background-image: url(https:\/\/angelimrestauro.pt\/wp-content\/uploads\/2023\/01\/Angelim-restauro-conservacao-26.webp);\"><\/div>\r\n            \t\t\t\t\t<\/div>\r\n\t\t\t\t          <a href=\"https:\/\/angelimrestauro.pt\/en\/pt-portfolio\/talha\/\" class=\"permalink\"><i class=\"basic-ui-icon-link\"><\/i><\/a>\r\n        \t\t\t\t<div class=\"content\">\r\n\t\t\t\t\t\t\t\t<h5>Talha<\/h5>\r\n\t\t\t\t\t\t\t\t\t\t\t<\/div>\r\n                  <a class=\"link\" href=\"#\" data-popup-json=\"{&quot;title&quot;:&quot;Talha&quot;,&quot;desc&quot;:false,&quot;image&quot;:{&quot;url&quot;:&quot;https:\\\/\\\/angelimrestauro.pt\\\/wp-content\\\/uploads\\\/2023\\\/01\\\/Angelim-restauro-conservacao-26.webp&quot;,&quot;w&quot;:1950,&quot;h&quot;:1463},&quot;post_id&quot;:324,&quot;likes&quot;:&quot;32&quot;,&quot;projectLink&quot;:&quot;https:\\\/\\\/angelimrestauro.pt\\\/en\\\/pt-portfolio\\\/talha\\\/&quot;,&quot;projectLinkTarget&quot;:&quot;_blank&quot;}\" data-id=\"13\" ><\/a>        \t\t\t<\/div>\r\n\t\t<\/article>\r\n\t\t\t\t\t\t<\/div>\r\n\t\t\t\t\t\t\t\t\t<\/div>\r\n    <\/div><\/div><\/div><\/div>\n<\/div>","protected":false},"excerpt":{"rendered":"Portfolio Todos Avalia\u00e7\u00f5es Conserva\u00e7\u00e3o e restauro Douramento Embutidos Escultura Estofos Estuques decorativos Marcenaria Materiais p\u00e9treos Pintura de Cavalete Pintura Decorativa Pintura Mural Polimentos Talha Avalia\u00e7\u00f5es Conserva\u00e7\u00e3o e restauro &nbsp; Douramento &nbsp; Embutidos &nbsp; Escultura &nbsp; Estofos &nbsp; Estuques decorativos &nbsp; Marcenaria &nbsp; Materiais P\u00e9treos &nbsp; Pintura de Cavalete Pintura Decorativa &nbsp; Pintura Mural &nbsp; Polimentos [...]","protected":false},"author":1,"featured_media":0,"parent":0,"menu_order":0,"comment_status":"closed","ping_status":"closed","template":"template-landing.php","meta":{"_acf_changed":false,"footnotes":""},"class_list":["post-3550","page","type-page","status-publish","hentry"],"acf":[],"_links":{"self":[{"href":"https:\/\/angelimrestauro.pt\/en\/wp-json\/wp\/v2\/pages\/3550","targetHints":{"allow":["GET"]}}],"collection":[{"href":"https:\/\/angelimrestauro.pt\/en\/wp-json\/wp\/v2\/pages"}],"about":[{"href":"https:\/\/angelimrestauro.pt\/en\/wp-json\/wp\/v2\/types\/page"}],"author":[{"embeddable":true,"href":"https:\/\/angelimrestauro.pt\/en\/wp-json\/wp\/v2\/users\/1"}],"replies":[{"embeddable":true,"href":"https:\/\/angelimrestauro.pt\/en\/wp-json\/wp\/v2\/comments?post=3550"}],"version-history":[{"count":5,"href":"https:\/\/angelimrestauro.pt\/en\/wp-json\/wp\/v2\/pages\/3550\/revisions"}],"predecessor-version":[{"id":3795,"href":"https:\/\/angelimrestauro.pt\/en\/wp-json\/wp\/v2\/pages\/3550\/revisions\/3795"}],"wp:attachment":[{"href":"https:\/\/angelimrestauro.pt\/en\/wp-json\/wp\/v2\/media?parent=3550"}],"curies":[{"name":"wp","href":"https:\/\/api.w.org\/{rel}","templated":true}]}}