{"id":3541,"date":"2022-09-13T17:22:23","date_gmt":"2022-09-13T17:22:23","guid":{"rendered":"https:\/\/angelim-restauro.pt\/?page_id=3541"},"modified":"2023-06-22T22:44:20","modified_gmt":"2023-06-22T22:44:20","slug":"perfil","status":"publish","type":"page","link":"https:\/\/angelimrestauro.pt\/en\/perfil\/","title":{"rendered":"Profile"},"content":{"rendered":"<div class=\"wpb-content-wrapper\"><div class=\"vc_row wpb_row vc_row-fluid vc_custom_1505137157448 vc_row-69d193c4b2f91 vc_row-o-equal-height vc_row-o-content-middle vc_row-flex\"><div class=\"wpb_animate_when_almost_visible wpb_fadeInLeft fadeInLeft wpb_column vc_column_container vc_col-sm-6 vc_row-60d48b4989841 vc_col-has-fill\"><div class=\"vc_column-inner vc_custom_1687213062173\"><div class=\"wpb_wrapper\"><\/div><\/div><\/div><div class=\"wpb_animate_when_almost_visible wpb_fadeInRight fadeInRight wpb_column vc_column_container vc_col-sm-6 vc_row-60d48b5a155d5 vc_col-has-fill\"><div class=\"vc_column-inner vc_custom_1624542108827\"><div class=\"wpb_wrapper\">      <div class=\"heading-block heading-5d67b7780c108 tal h-h3 with-line vc_custom_1673621618316\">\n                  <h3 class=\"h\">Eu sou,<br \/>\n<span>Pedro Castro.<\/span><\/h3>\n              <\/div>\n    \n\t<div class=\"wpb_text_column wpb_content_element\" >\n\t\t<div class=\"wpb_wrapper\">\n\t\t\t<p><span style=\"font-size: 18px; font-weight: 300;\">A <strong>ANGELIM<\/strong> iniciou a sua actividade em 1996 na \u00e1rea da conserva\u00e7\u00e3o e restauro, quer em obra quer em atelier, para diversas entidades e clientes particulares.<\/span><\/p>\n<p><span style=\"font-size: 14px; font-weight: 200;\">N\u00e3o sendo uma unidade estanque, colabora pontualmente quando o volume de trabalho ou a especializa\u00e7\u00e3o do mesmo a isso obriga, com t\u00e9cnicos externos ou outras empresas do ramo que dentro do mesmo esp\u00edrito de qualidade de presta\u00e7\u00e3o de trabalho e respeito pelos crit\u00e9rios \u00e9ticos vigentes, procuram contribuir para a preserva\u00e7\u00e3o do patrim\u00f3nio que \u00e9 um pouco de todos n\u00f3s e pelo qual todos somos respons\u00e1veis.<\/span><\/p>\n\n\t\t<\/div>\n\t<\/div>\n<\/div><\/div><\/div><\/div><div data-vc-full-width=\"true\" data-vc-full-width-init=\"false\" data-vc-stretch-content=\"true\" class=\"vc_row wpb_row vc_row-fluid vc_custom_1673622229614 vc_row-63c172abb200d vc_row-no-padding\"><div class=\"wpb_animate_when_almost_visible wpb_fadeIn fadeIn wpb_column vc_column_container vc_col-sm-12 vc_row-69d193c4b3631\"><div class=\"vc_column-inner\"><div class=\"wpb_wrapper\"><div class=\"category row category-59ba619c8a88e type-normal\"><div class=\"item category-item-59ba41da0aada white\" style=\"background-image: url(https:\/\/angelimrestauro.pt\/wp-content\/uploads\/2017\/09\/Angelim-restauro-conservacao-big-32.webp)\">\r\n      \r\n      <h6 class=\"sub-h\">Angelim<\/h6><h3 class=\"h\">Conserva\u00e7\u00e3o e Restauro<\/h3>\r\n      <a href=\"https:\/\/angelim-restauro.pt\/pt-portfolio\/conservacao-e-restauro\/\" class=\"button-style1\" target=\"\">More<\/a>\r\n    <\/div><div class=\"item category-item-59ba41da0aada white\" style=\"background-image: url(https:\/\/angelimrestauro.pt\/wp-content\/uploads\/2018\/10\/Angelim-Pintura-Decorativa-74.webp)\">\r\n      \r\n      <h6 class=\"sub-h\">Angelim<\/h6><h3 class=\"h\">Pintura Decorativa<\/h3>\r\n      <a href=\"https:\/\/angelim-restauro.pt\/pt-portfolio\/pintura-decorativa\/\" class=\"button-style1\" target=\"\">More<\/a>\r\n    <\/div><div class=\"item category-item-59ba41da0aada white\" style=\"background-image: url(https:\/\/angelimrestauro.pt\/wp-content\/uploads\/2023\/01\/Angelim-restauro-conservacao-26.webp)\">\r\n      \r\n      <h6 class=\"sub-h\">Angelim<\/h6><h3 class=\"h\">Talha<\/h3>\r\n      <a href=\"https:\/\/angelim-restauro.pt\/pt-portfolio\/talha\/\" class=\"button-style1\" target=\"\">More<\/a>\r\n    <\/div><div class=\"item category-item-59ba41da0aada white\" style=\"background-image: url(https:\/\/angelimrestauro.pt\/wp-content\/uploads\/2023\/06\/angelim-limpeza.webp)\">\r\n      \r\n      <h6 class=\"sub-h\">Angelim<\/h6><h3 class=\"h\">Pintura de Cavalete<\/h3>\r\n      <a href=\"https:\/\/angelim-restauro.pt\/pt-portfolio\/pintura-de-cavalete\/\" class=\"button-style1\" target=\"\">More<\/a>\r\n    <\/div><\/div><\/div><\/div><\/div><\/div><div class=\"vc_row-full-width vc_clearfix\"><\/div><div class=\"vc_row wpb_row vc_row-fluid vc_custom_1673627417292 vc_row-60d083fcaf47d\"><div class=\"wpb_animate_when_almost_visible wpb_fadeInUp fadeInUp wpb_column vc_column_container vc_col-sm-12 vc_row-60d083e85f371\"><div class=\"vc_column-inner\"><div class=\"wpb_wrapper\">      <div class=\"heading-block heading-5d67b8b3d3ca3 tac h-h2 with-line vc_custom_1673627386650\">\n                  <h2 class=\"h\">Testemunhos<\/h2>\n              <\/div>\n    <div class=\"testimonials row testimonials-69d193c4b40c7\"><div class=\"item\"><div class=\"row\"><div class=\"col-12 col-sm-6 image\"><div style=\"background-image: url(https:\/\/angelimrestauro.pt\/wp-content\/uploads\/2023\/06\/angelim-testemunho.webp)\"><\/div><\/div><div class=\"col-12 col-sm-6 offset-sm-6\"><div class=\"quote\"><div class=\"q\">\u201c<\/div>`` A Assembleia da Rep\u00fablica, atrav\u00e9s do seu Museu, agradecer-lhe a disponibilidade, bem como a celeridade e qualidade dos restauros realizados nos soalhos das Salas dos Passos Perdidos e do Senado.``<br \/>\n18.10.2017<\/div><h4>Cristina Ribeiro<\/h4><div class=\"post\">Directora do Museu<\/div><\/div><\/div><\/div><div class=\"item\"><div class=\"row\"><div class=\"col-12 col-sm-6 image\"><div style=\"background-image: url(https:\/\/angelimrestauro.pt\/wp-content\/uploads\/2023\/06\/angelim-testemunho.webp)\"><\/div><\/div><div class=\"col-12 col-sm-6 offset-sm-6\"><div class=\"quote\"><div class=\"q\">\u201c<\/div>`` A Assembleia da Rep\u00fablica, atrav\u00e9s do seu Museu, agradecer-lhe a disponibilidade, bem como a celeridade e qualidade dos restauros realizados nos soalhos das Salas dos Passos Perdidos e do Senado.``<br \/>\n18.10.2017<\/div><h4>Miguel Sousa Lara<\/h4><div class=\"post\">Sub-director do Museu<\/div><\/div><\/div><\/div><\/div><\/div><\/div><\/div><\/div>\n<\/div>","protected":false},"excerpt":{"rendered":"Eu sou, Pedro Castro. A ANGELIM iniciou a sua actividade em 1996 na \u00e1rea da conserva\u00e7\u00e3o e restauro, quer em obra quer em atelier, para diversas entidades e clientes particulares. N\u00e3o sendo uma unidade estanque, colabora pontualmente quando o volume de trabalho ou a especializa\u00e7\u00e3o do mesmo a isso obriga, com t\u00e9cnicos externos ou outras [...]","protected":false},"author":1,"featured_media":0,"parent":0,"menu_order":0,"comment_status":"closed","ping_status":"closed","template":"template-landing.php","meta":{"_acf_changed":false,"footnotes":""},"class_list":["post-3541","page","type-page","status-publish","hentry"],"acf":[],"_links":{"self":[{"href":"https:\/\/angelimrestauro.pt\/en\/wp-json\/wp\/v2\/pages\/3541","targetHints":{"allow":["GET"]}}],"collection":[{"href":"https:\/\/angelimrestauro.pt\/en\/wp-json\/wp\/v2\/pages"}],"about":[{"href":"https:\/\/angelimrestauro.pt\/en\/wp-json\/wp\/v2\/types\/page"}],"author":[{"embeddable":true,"href":"https:\/\/angelimrestauro.pt\/en\/wp-json\/wp\/v2\/users\/1"}],"replies":[{"embeddable":true,"href":"https:\/\/angelimrestauro.pt\/en\/wp-json\/wp\/v2\/comments?post=3541"}],"version-history":[{"count":5,"href":"https:\/\/angelimrestauro.pt\/en\/wp-json\/wp\/v2\/pages\/3541\/revisions"}],"predecessor-version":[{"id":3864,"href":"https:\/\/angelimrestauro.pt\/en\/wp-json\/wp\/v2\/pages\/3541\/revisions\/3864"}],"wp:attachment":[{"href":"https:\/\/angelimrestauro.pt\/en\/wp-json\/wp\/v2\/media?parent=3541"}],"curies":[{"name":"wp","href":"https:\/\/api.w.org\/{rel}","templated":true}]}}