{"id":3,"date":"2022-08-31T15:49:22","date_gmt":"2022-08-31T15:49:22","guid":{"rendered":"https:\/\/angelim-restauro.pt\/?page_id=3"},"modified":"2023-01-16T16:31:06","modified_gmt":"2023-01-16T16:31:06","slug":"politica-de-privacidade","status":"publish","type":"page","link":"https:\/\/angelimrestauro.pt\/en\/politica-de-privacidade\/","title":{"rendered":"Privacy Policy"},"content":{"rendered":"<div class=\"wpb-content-wrapper\"><div class=\"vc_row wpb_row vc_row-fluid vc_custom_1673886335067 vc_row-63c57a32679bc\"><div class=\"wpb_column vc_column_container vc_col-sm-12 vc_row-69d17aa5ed4ff\"><div class=\"vc_column-inner\"><div class=\"wpb_wrapper\">\n\t<div class=\"wpb_text_column wpb_content_element\" >\n\t\t<div class=\"wpb_wrapper\">\n\t\t\t<p>Nesta Pol\u00edtica de Privacidade pretendemos dar a conhecer aos nossos clientes e utilizadores as regras gerais de privacidade e tratamento dos seus dados pessoais. Estes s\u00e3o recolhidos e tratados no estrito respeito e cumprimento da Lei da Prote\u00e7\u00e3o de Dados Pessoais e do Regulamento Geral de Prote\u00e7\u00e3o de Dados (Regulamento (UE) 2016\/679 do Parlamento Europeu e do Conselho de 27 de abril de 2016,\u00a0.<\/p>\n<p>Ao disponibilizar os seus dados pessoais, est\u00e1 a autorizar a recolha e utiliza\u00e7\u00e3o dos mesmos de acordo com as regras aqui definidas.<\/p>\n<p>Recolhemos os dados pessoais estritamente necess\u00e1rios \u00e0 presta\u00e7\u00e3o dos nossos servi\u00e7os ou disponibiliza\u00e7\u00e3o de produtos ou os legalmente exigidos no \u00e2mbito da nossa atividade.<\/p>\n<p>Os dados pessoais recolhidos destinam-se a prestar-lhe servi\u00e7os ou facultar-lhe os conte\u00fados que nos solicite. Conhecer melhor as suas prefer\u00eancias e adequar os nossos servi\u00e7os a essas prefer\u00eancias, assim como poder oferecer-lhe novos servi\u00e7os e conte\u00fados ou enviar-lhe informa\u00e7\u00e3o de marketing relacionada com novidades e promo\u00e7\u00f5es da no \u00e2mbito dos servi\u00e7os e conte\u00fados.<\/p>\n<p>Existem requisitos legais que obrigam a conservar os dados por um per\u00edodo de tempo m\u00ednimo. Assim, e sempre que n\u00e3o exista uma exig\u00eancia legal especifica, os dados ser\u00e3o armazenados e conservados apenas pelo per\u00edodo m\u00ednimo necess\u00e1rio para as finalidades que motivaram a sua recolha.<\/p>\n<p>Nos termos do Regulamento Geral de Prote\u00e7\u00e3o de Dados, \u00e9 garantido ao titular dos dados, o direito de acesso, atualiza\u00e7\u00e3o, retifica\u00e7\u00e3o ou elimina\u00e7\u00e3o dos seus dados pessoais, mediante pedido escrito ou via email para <a href=\"mailto:geral@angelim-restauro.pt\">geral@angelim-restauro.pt<\/a>.<\/p>\n<p>Pode ainda cancelar a sua subscri\u00e7\u00e3o caso n\u00e3o pretenda receber as nossas informa\u00e7\u00f5es, carregando no bot\u00e3o de cancelamento.<\/p>\n<p>Os dados pessoais disponibilizados s\u00e3o objeto de confidencialidade n\u00e3o sendo transmitidos a terceiros.<\/p>\n\n\t\t<\/div>\n\t<\/div>\n<\/div><\/div><\/div><\/div>\n<\/div>","protected":false},"excerpt":{"rendered":"Nesta Pol\u00edtica de Privacidade pretendemos dar a conhecer aos nossos clientes e utilizadores as regras gerais de privacidade e tratamento dos seus dados pessoais. Estes s\u00e3o recolhidos e tratados no estrito respeito e cumprimento da Lei da Prote\u00e7\u00e3o de Dados Pessoais e do Regulamento Geral de Prote\u00e7\u00e3o de Dados (Regulamento (UE) 2016\/679 do Parlamento Europeu [...]","protected":false},"author":1,"featured_media":0,"parent":0,"menu_order":0,"comment_status":"closed","ping_status":"closed","template":"","meta":{"_acf_changed":false,"footnotes":""},"class_list":["post-3","page","type-page","status-publish","hentry"],"acf":[],"_links":{"self":[{"href":"https:\/\/angelimrestauro.pt\/en\/wp-json\/wp\/v2\/pages\/3","targetHints":{"allow":["GET"]}}],"collection":[{"href":"https:\/\/angelimrestauro.pt\/en\/wp-json\/wp\/v2\/pages"}],"about":[{"href":"https:\/\/angelimrestauro.pt\/en\/wp-json\/wp\/v2\/types\/page"}],"author":[{"embeddable":true,"href":"https:\/\/angelimrestauro.pt\/en\/wp-json\/wp\/v2\/users\/1"}],"replies":[{"embeddable":true,"href":"https:\/\/angelimrestauro.pt\/en\/wp-json\/wp\/v2\/comments?post=3"}],"version-history":[{"count":3,"href":"https:\/\/angelimrestauro.pt\/en\/wp-json\/wp\/v2\/pages\/3\/revisions"}],"predecessor-version":[{"id":3750,"href":"https:\/\/angelimrestauro.pt\/en\/wp-json\/wp\/v2\/pages\/3\/revisions\/3750"}],"wp:attachment":[{"href":"https:\/\/angelimrestauro.pt\/en\/wp-json\/wp\/v2\/media?parent=3"}],"curies":[{"name":"wp","href":"https:\/\/api.w.org\/{rel}","templated":true}]}}