{"id":2,"date":"2022-08-31T15:49:22","date_gmt":"2022-08-31T15:49:22","guid":{"rendered":"https:\/\/angelim-restauro.pt\/?page_id=2"},"modified":"2023-01-16T16:32:29","modified_gmt":"2023-01-16T16:32:29","slug":"trabalhos-realizados","status":"publish","type":"page","link":"https:\/\/angelimrestauro.pt\/en\/trabalhos-realizados\/","title":{"rendered":"Work Done"},"content":{"rendered":"<div class=\"wpb-content-wrapper\"><div class=\"vc_row wpb_row vc_row-fluid vc_custom_1673884503593 vc_row-63c5734f060d8\"><div class=\"wpb_column vc_column_container vc_col-sm-12 vc_row-63c57ab6ba86c\"><div class=\"vc_column-inner\"><div class=\"wpb_wrapper\">\n\t<div class=\"wpb_text_column wpb_content_element\" >\n\t\t<div class=\"wpb_wrapper\">\n\t\t\t<p>Recupera\u00e7\u00e3o da estrutura do altar de N\u00aa S\u00aa do Ros\u00e1rio, Arvore de Jess\u00e9, e recupera\u00e7\u00e3o do suporte das dezasseis esculturas que o comp\u00f5em \u2013 Convento de S. Francisco \u2013 Estremoz, de Mar\u00e7o a Setembro 1999, para a empresa Protec\u00e7\u00e3o, Lda. \u2013 C\u00e2mara Municipal de Estremoz.<\/p>\n<p>Elabora\u00e7\u00e3o de uma mesa de altar, para uma capela lateral da S\u00e9 de \u00c9vora, incorporando um frontal de altar do Museu de arte Sacra de \u00c9vora, para a empresa Protec\u00e7\u00e3o, Lda. \u2013 Cabido da S\u00e9 de \u00c9vora.<\/p>\n<p>Recupera\u00e7\u00e3o da pintura e douramento do roda cadeiras, portas e portadas da Antec\u00e2mara da Sala do Trono \u2013 Pal\u00e1cio da Ajuda \u2013 Lisboa (IPPAR).<\/p>\n<p>Recupera\u00e7\u00e3o da pintura decorativa das portas e portadas do Jardim de Inverno \u2013 Pal\u00e1cio da Ajuda \u2013 Lisboa (IPPAR).<\/p>\n<p>Recupera\u00e7\u00e3o da estrutura em madeira e da pintura decorativa e douramento do roda cadeiras e portas do toillete das Senhoras da Casa do Alentejo \u2013 Lisboa (IPPAR).<\/p>\n<p>Recupera\u00e7\u00e3o do Altar da Capela da Quinta de Negrais \u2013 Vale de Cambra, de Abril a Setembro de 2000.<\/p>\n<p>Conserva\u00e7\u00e3o e restauro de suporte, de uma escultura em madeira, policromada e estofada, Nossa Senhora, pertencente \u00e0 Igreja de S\u00e3o Francisco de Estremoz, em exposi\u00e7\u00e3o no Museu de Arte Sacra de Estremoz, 2001.<\/p>\n<p>Restauro de nove telas da Igreja de N\u00aa Senhora da Gra\u00e7a \u2013 Museu Municipal de Torres Vedras.<\/p>\n<p>Restauro das telas da Capela da Quinta do Outeiro \u2013 Lisboa.<\/p>\n<p>Restauro das telas da Capela da Quinta da Granja Restauro de diverso mobili\u00e1rio do Hotel Brit\u00e2nia \u2013 Lisboa.<\/p>\n<p>Restauro de um arm\u00e1rio copeiro do Pal\u00e1cio Nacional de Sintra \u2013 IPPAR.<\/p>\n<p>Restauro de tr\u00eas telas do Hotel Convento de S. Paulo \u2013 Redondo.<\/p>\n<p>Restauro do Esquife da Capela da Miseric\u00f3rdia de Colares \u2013 S.C.M. de Sintra.<\/p>\n<p>Recupera\u00e7\u00e3o do tecto em madeira policromada de uma sala do Pal\u00e1cio Nacional de Sintra (antiga casa de banho) Sintra, Dez. 2001 &#8211; IPPAR.<\/p>\n<p>Recupera\u00e7\u00e3o da porta da escadaria Monumental do Convento do Beato em Lisboa \u2013 Nacional.<\/p>\n<p>Restauro de piano de mesa ingl\u00eas S\u00e9c. XIX proveni\u00eancia da colec\u00e7\u00e3o Malheiros, Museu de Set\u00fabal\/Convento de Jesus, n\u00ba de inv. 471 para figurar na exposi\u00e7\u00e3o po\u00e9ticas dos cinco sentidos, a decorrer de 6 de Abril a 1 de Junho de 2002, na Casa do Corpo Santo \u2013 Museu Barroco em Set\u00fabal.<\/p>\n<p>Restauro das cadeiras da Sala de Musica do Pal\u00e1cio Nacional de Queluz \u2013 IPPAR.<\/p>\n<p>Restauro das peanhas da Sala de M\u00fasica do Pal\u00e1cio Nacional de Queluz, (IPPAR).<\/p>\n<p>Restauro de diversas pe\u00e7as do Museu de Set\u00fabal\/Convento de Jesus: Cristo n\u00ba inv ms\/cj 275\/e. 55, Cadeira s\u00e9c. XVII com assento em couro lavrado ref\u00aa 389, Cadeira s\u00e9c. XVIII com assento em couro lavrado ref\u00aa 266, Mesa de centro Vitoriana em mogno n\u00ba inv. ms\/cj 1588, Credencia dourada e marmoreada da Capela da Casa do Corpo Santo.<\/p>\n<p>Restauro de uma tela representando a \u00faltima ceia de Cristo S\u00e9c. XVII\/XVIII e t\u00e1buas de suporte com vest\u00edgios de pintura quinhentista da Irmandade do Senhor dos Passos do Mosteiro de Santos-o-novo, Lisboa.<\/p>\n<p>Restauro de diverso patrim\u00f3nio da Santa Casa da Miseric\u00f3rdia de Mafra \u2013 Imagin\u00e1ria, etc.<\/p>\n<p>Restauro de diverso patrim\u00f3nio da Santa Casa da Miseric\u00f3rdia de Sintra &#8211; Imagin\u00e1ria, etc.<\/p>\n<p>Restauro do Altar-mor da Capela da Santa Casa da Miseric\u00f3rdia do Vimieiro, refor\u00e7o de estrutura e recupera\u00e7\u00e3o de volumes de talha \u2013 2003.<\/p>\n<p>Trabalhos de conserva\u00e7\u00e3o e restauro de madeiras da Camarinha Real do Bergantim Real &#8211; Museu da Marinha em Lisboa.<\/p>\n<p>Recupera\u00e7\u00e3o de elementos decorativos na Sala da Assembleia-geral do Banco de Portugal.<\/p>\n<p>Tratamento de conserva\u00e7\u00e3o e restauro das madeiras da sala do grupo parlamentar do PSD \u2013 Assembleia da Rep\u00fablica.<\/p>\n<p>Tratamento de conserva\u00e7\u00e3o e restauro (expurgo da estrutura e reposicionamento) da Tela de D. Lu\u00eds I na Sala do Senado \u2013 Assembleia da Rep\u00fablica.<\/p>\n<p>Tratamento de conserva\u00e7\u00e3o e restauro de duas cadeiras da C\u00e2mara dos Deputados \u2013 Museu da Assembleia da Rep\u00fablica.<\/p>\n<p>Tratamento de conserva\u00e7\u00e3o e restauro de duas consolas douradas \u2013 Assembleia da Rep\u00fablica.<\/p>\n<p>Tratamento da grade de suporte da tela do altar-mor da S\u00e9 de Castelo Branco, transporte, re-engradamento e coloca\u00e7\u00e3o da tela no seu local de origem para a empresa OCRE, Lda.<\/p>\n<p>Desmontagem, transporte, tratamento da grade de suporte da tela do altar-mor da S\u00e9 de Elvas e sua montagem, para a empresa OCRE, Lda.<\/p>\n<p>Conserva\u00e7\u00e3o e restauro de elementos decorativos em talha de quatro molduras do Mosteiro de Santa Maria do Bouro, transporte e sua coloca\u00e7\u00e3o no local, para a empresa OCRE, Lda.<\/p>\n<p>Interven\u00e7\u00e3o de conserva\u00e7\u00e3o e restauro das telas e respectivas molduras em talha do Transepto da Igreja de Santa Catarina ou dos Paulistas na Cal\u00e7ada do Combro em Lisboa, em colabora\u00e7\u00e3o com a empresa OCRE, Lda. \u2013 C. M.L.<\/p>\n<p>Interven\u00e7\u00e3o de conserva\u00e7\u00e3o e restauro na Capela do Sant\u00edssimo Sacramento na Antiga S\u00e9 de Elvas, em colabora\u00e7\u00e3o com a empresa OCRE, Lda. &#8211; IPPAR.<\/p>\n<p>Restauro de diverso equipamento de base tecnol\u00f3gica do n\u00facleo museol\u00f3gico de Vilar \u2013 Modivas, da Funda\u00e7\u00e3o Portugal Telecom.<\/p>\n<p>Desmontagem e transporte das telas da nave da Ermida de S\u00e3o Sebasti\u00e3o em Tavira para a empresa OCRE, Lda. &#8211; C\u00e2mara Municipal de Tavira.<\/p>\n<p>Interven\u00e7\u00e3o de conserva\u00e7\u00e3o e restauro do altar-mor do Convento da Arr\u00e1bida \u2013 Funda\u00e7\u00e3o Oriente.<\/p>\n<p>Restauro de oito cadeiras D. Jos\u00e9 da sala de visitas do Presidente da A. R. \u2013 Assembleia da Rep\u00fablica.<\/p>\n<p>Restauro da secret\u00e1ria do gabinete da resid\u00eancia oficial do Presidente da A. R. \u2013 Assembleia da Rep\u00fablica.<\/p>\n<p>Trabalhos de conserva\u00e7\u00e3o e restauro da caixa do org\u00e3o da Igreja de Santa Catarina ou dos Paulistas, em Lisboa em colabora\u00e7\u00e3o com a empresa OCRE, Lda. \u2013 C.M.L.<\/p>\n<p>Interven\u00e7\u00e3o de conserva\u00e7\u00e3o e restauro de dois ret\u00e1bulos da Igreja da Raposeira em colabora\u00e7\u00e3o com a empresa OCRE, Lda. &#8211; IPPAR.<\/p>\n<p>Interven\u00e7\u00e3o de conserva\u00e7\u00e3o e restauro da Capela de N\u00aa Senhora do Carmo, em colabora\u00e7\u00e3o com a empresa OCRE, Lda. \u2013 DGEMN.<\/p>\n<p>Interven\u00e7\u00e3o de conserva\u00e7\u00e3o e restauro na Igreja de Santa Catarina em Lisboa, nomeadamente no, Altar lateral de N\u00aa senhora da Nazar\u00e9 e de Jesus, Altar lateral de N\u00aa S\u00aa de F\u00e1tima, Altar lateral (do senhor Jesus da Pobreza Altar central de N\u00aa S\u00aa da Atocha e nas Talhas decorativas dos bra\u00e7os sul e norte do transepto, para a empresa OCRE, Lda. \u2013 C.M.L.<\/p>\n<p>Interven\u00e7\u00e3o de conserva\u00e7\u00e3o e restauro de um retabulo e 11 sanefas da Igreja do Mosteiro de Sta Maria de C\u00f3s, em colabora\u00e7\u00e3o com a empresa OCRE, Lda. \u2013 DGEMN.<\/p>\n<p>Interven\u00e7\u00e3o de conserva\u00e7\u00e3o e restauro da Igreja de Santiago, em Marialva em colabora\u00e7\u00e3o com a empresa OCRE \u2013 IGESPAR.<\/p>\n<p>Interven\u00e7\u00e3o de conserva\u00e7\u00e3o e restauro dos altares do arco, limpeza do altar-mor, arco cruzeiro, das pinturas dos caixot\u00f5es do tecto, de diversas esculturas, restauro dos tr\u00eas arcazes da sacristia e diverso outro mobili\u00e1rio cruzeiro da Igreja de Agro\u00e7h\u00e3o.<\/p>\n<p>Interven\u00e7\u00e3o de conserva\u00e7\u00e3o e restauro de dois arcazes da Sacristia da Igreja das Arcas.<\/p>\n<p>Interven\u00e7\u00e3o de conserva\u00e7\u00e3o e restauro do Altar da Capela do Senhor dos Aflitos, em Torre de Dona Chama.<\/p>\n<p>Interven\u00e7\u00e3o de Conserva\u00e7\u00e3o e restauro do altar da N\u00aa Sr\u00aa do Ros\u00e1rio \u2013 Vale de Prados.<\/p>\n<p>Interven\u00e7\u00e3o de conserva\u00e7\u00e3o e restauro do altar da Capela de S\u00e3o Jo\u00e3o em Lamalonga.<\/p>\n<p>Interven\u00e7\u00e3o de conserva\u00e7\u00e3o e restauro do Altar-mor da Igreja do Regodeiro.<\/p>\n<p>Interven\u00e7\u00e3o de conserva\u00e7\u00e3o e restauro de dois altares laterais da Igreja do Regodeiro.<\/p>\n<p>Interven\u00e7\u00e3o de conserva\u00e7\u00e3o e restauro do Altar-mor da Igreja de Vale Pereiro \u2013 Mascarenhas.<\/p>\n<p>Interven\u00e7\u00e3o de conserva\u00e7\u00e3o e restauro de duas pinturas murais em colabora\u00e7\u00e3o com a Dr\u00aa. Sofia Marques, Igreja do Regodeiro.<\/p>\n<p>Restauro da Pintura de S\u00e3o Jer\u00f3nimo no Caixot\u00e3o do tecto da Capela\u2013mor da Igreja de Torre de Dona Chama.<\/p>\n<p>Interven\u00e7\u00e3o de conserva\u00e7\u00e3o e restauro do Altar-mor da Igreja do Brin\u00e7o.<\/p>\n<p>Interven\u00e7\u00e3o de conserva\u00e7\u00e3o e restauro do Altar-mor da Igreja de Macedo do Peso &#8211; Mogadouro.<\/p>\n<p>Interven\u00e7\u00e3o de conserva\u00e7\u00e3o e restauro do Altar de Nossa Senhora do Perp\u00e9tuo Socorro da Igreja de S\u00e3o Martinho do Peso \u2013 Mogadouro.<\/p>\n<p>Interven\u00e7\u00e3o de conserva\u00e7\u00e3o e restauro do Altar de Nossa Senhora da Penha de Fran\u00e7a &#8211; Rebordelo.<\/p>\n<p>Interven\u00e7\u00e3o de conserva\u00e7\u00e3o e restauro do Tecto da Capela Mor da Igreja Matriz de Grij\u00f3 Interven\u00e7\u00e3o de conserva\u00e7\u00e3o e restauro de um tecto de um quarto no Pa\u00e7o de Vilar de Perdizes.<\/p>\n<p>Restauro da mob\u00edlia de escrit\u00f3rio do General Humberto Delgado, no INAC \u2013 Instituto Nacional de Avia\u00e7\u00e3o Civil, em Lisboa.<\/p>\n<p>Desmontagem de um ret\u00e1bulo numa casa particular em Grama\u00e7os\/Oliveira do Hospital, para a firma Concei\u00e7\u00e3o Ribeiro, Lda.<\/p>\n<p>Interven\u00e7\u00e3o de conserva\u00e7\u00e3o e restauro de diversos tectos pintados e soalhos no Solar dos Rebocho em Vilar Maior, Sabugal.<\/p>\n<p>Colabora\u00e7\u00e3o nos trabalhos de desmontagem, tratamento e posterior remontagem do Altar-mor, arco cruzeiro e de um ret\u00e1bulo lateral da Igreja da Miseric\u00f3rdia de Vila Alva, para a firma Concei\u00e7\u00e3o Ribeiro, Lda.<\/p>\n<p>Trabalhos de conserva\u00e7\u00e3o e restauro de suporte do Altar-mor da Igreja matriz do Cercio, para o CCR da Diocese de Bragan\u00e7a-Miranda.<\/p>\n<p>Restauro de mobili\u00e1rio do Gabinete da Exma. Sra. Secret\u00e1ria-Geral do Minist\u00e9rio da Economia.<\/p>\n<p>Interven\u00e7\u00e3o de conserva\u00e7\u00e3o e restauro, em colabora\u00e7\u00e3o com a Firma Rodrigo Bobone, do soalho do corredor do Senado na Assembleia da Rep\u00fablica.<\/p>\n<p>Desmontagem e acondicionamento para posterior remontagem da Capela do antigo Hospital da Marinha em Lisboa, para a firmas Neo\u00e9pica, Lda e GPCR, Unipessoal, Lda.<\/p>\n<p>Trabalhos de conserva\u00e7\u00e3o e restauro de suporte do Altar-mor da Igreja matriz de S\u00e3o Pedro de Vale do Conde (Mirandela), para o CCR da Diocese de Bragan\u00e7a-Miranda.<\/p>\n<p>Em curso, trabalhos de conserva\u00e7\u00e3o e restauro da Capela da Miseric\u00f3rdia de Chacim.<\/p>\n<p>Supervis\u00e3o conjunta, com a Dr\u00aa Nazar\u00e9 Tojal (OCRE, Lda.), dos trabalhos das equipas de conserva\u00e7\u00e3o e restauro (estuques, douramento, pintura cavalete e pintura decorativa), envolvidas nos trabalhos de recupera\u00e7\u00e3o do Teatro Circo de Braga, para o Cons\u00f3rcio: Soares da Costa, ABB e DST.<\/p>\n<p>Peritagem dos Trabalhos de recupera\u00e7\u00e3o de arte-sacra da Igreja da Praia de Almoxarife \u2013 Faial \u2013 A\u00e7ores para a Empresa EDIFER.<\/p>\n<p>Elabora\u00e7\u00e3o do Projecto de conserva\u00e7\u00e3o e Restauro \u2013 Cidadela de Cascais \u2013 GRUPO PESTANA\/ Arqtos Gon\u00e7alo Byrne e David Sinclair \/SOARES DA COSTA.<\/p>\n<p>Acompanhamento dos trabalhos de conserva\u00e7\u00e3o e restauro na Cidadela de Cascais, para as empresas: Soares da Costa\/Grupo Pestana.<\/p>\n<p>Elabora\u00e7\u00e3o do Projecto de conserva\u00e7\u00e3o e Restauro para futuro a instalar no MAI (Pra\u00e7a do Comercio em Lisboa) \u2013 GRUPO PESTANA\/ Arqto David Sinclair.<\/p>\n<p>Acompanhamento dos trabalhos de conserva\u00e7\u00e3o e restauro na Pra\u00e7a do Comercio no antigo edif\u00edcio do MAI, para as empresas: Soares da Costa\/Grupo Pestana. Pousada de Lisboa.<\/p>\n<p>Elabora\u00e7\u00e3o do Projecto de conserva\u00e7\u00e3o e Restauro para futuro OUROHOTEL (Rua da Prata em Lisboa) \u2013 GRUPO PESTANA\/ Arqto David Sinclair.<\/p>\n<p>Elabora\u00e7\u00e3o do Projecto de conserva\u00e7\u00e3o e Restauro para amplia\u00e7\u00e3o do Porto Carlton, Pra\u00e7a da Ribeira no Porto \u2013 GRUPO PESTANA\/ Arqto David Sinclair.<\/p>\n<p>Acompanhamento dos trabalhos de conserva\u00e7\u00e3o e restauro na Pra\u00e7a da Ribeira, Porto para as empresas: Soares da Costa\/Grupo Pestana.<\/p>\n\n\t\t<\/div>\n\t<\/div>\n<\/div><\/div><\/div><\/div>\n<\/div>","protected":false},"excerpt":{"rendered":"Recupera\u00e7\u00e3o da estrutura do altar de N\u00aa S\u00aa do Ros\u00e1rio, Arvore de Jess\u00e9, e recupera\u00e7\u00e3o do suporte das dezasseis esculturas que o comp\u00f5em \u2013 Convento de S. Francisco \u2013 Estremoz, de Mar\u00e7o a Setembro 1999, para a empresa Protec\u00e7\u00e3o, Lda. \u2013 C\u00e2mara Municipal de Estremoz. Elabora\u00e7\u00e3o de uma mesa de altar, para uma capela lateral [...]","protected":false},"author":1,"featured_media":0,"parent":0,"menu_order":0,"comment_status":"closed","ping_status":"closed","template":"","meta":{"_acf_changed":false,"footnotes":""},"class_list":["post-2","page","type-page","status-publish","hentry"],"acf":[],"_links":{"self":[{"href":"https:\/\/angelimrestauro.pt\/en\/wp-json\/wp\/v2\/pages\/2","targetHints":{"allow":["GET"]}}],"collection":[{"href":"https:\/\/angelimrestauro.pt\/en\/wp-json\/wp\/v2\/pages"}],"about":[{"href":"https:\/\/angelimrestauro.pt\/en\/wp-json\/wp\/v2\/types\/page"}],"author":[{"embeddable":true,"href":"https:\/\/angelimrestauro.pt\/en\/wp-json\/wp\/v2\/users\/1"}],"replies":[{"embeddable":true,"href":"https:\/\/angelimrestauro.pt\/en\/wp-json\/wp\/v2\/comments?post=2"}],"version-history":[{"count":5,"href":"https:\/\/angelimrestauro.pt\/en\/wp-json\/wp\/v2\/pages\/2\/revisions"}],"predecessor-version":[{"id":3753,"href":"https:\/\/angelimrestauro.pt\/en\/wp-json\/wp\/v2\/pages\/2\/revisions\/3753"}],"wp:attachment":[{"href":"https:\/\/angelimrestauro.pt\/en\/wp-json\/wp\/v2\/media?parent=2"}],"curies":[{"name":"wp","href":"https:\/\/api.w.org\/{rel}","templated":true}]}}